{"id":14921,"date":"2020-09-01T08:54:19","date_gmt":"2020-09-01T08:54:19","guid":{"rendered":"http:\/\/www.gorsko.si\/Gorsko\/?post_type=product&#038;p=14921"},"modified":"2025-08-14T23:26:50","modified_gmt":"2025-08-14T23:26:50","slug":"lesna-volna-1kg","status":"publish","type":"product","link":"https:\/\/www.gorsko.si\/Gorsko\/product\/lesna-volna-1kg\/","title":{"rendered":"Lesna volna 1kg"},"content":{"rendered":"<p>Lesna volna je primerna kot polnilo za pakiranje ali za dekoracijo.<\/p>\n<p><strong>Naravni izdelek<\/strong><br \/>\nLesno volno proizvajamo iz lesa suhe smreke, brez kakr\u0161nihkoli primesi. Izdelek je naraven,<br \/>\ntrajnosten, ekolo\u0161ko nesporen, biorazgradljiv.<br \/>\n\u010ce ga uporabimo za namen pakiranja daril, ga lahko po koncu te uporabe ponovno uporabimo \u0161e<br \/>\nza dekoracijo ali pa za pod\u017eig v kaminu, pa tudi kot zastirko na vrtu ipd.<\/p>\n<p><strong>Primeri uporabe:<\/strong><br \/>\n&#8211; kot dekorativno polnilo pri pakiranju darilnih \u0161katel (npr. steklenice vina, sir in mesni izdelki, milo,<br \/>\nkozmetika\u2026)<br \/>\n&#8211; kot za\u0161\u010dita pri transportu (npr. razli\u010dni tehni\u010dni proizvodi, kerami\u010dni izdelki ipd.)<\/p>\n<p><strong>Kvaliteta<\/strong><br \/>\nLesna volna je primerna za uporabo kot polnilo v (darilni) embala\u017ei, dekoracijo, ustvarjanje in<br \/>\ndruge razli\u010dne namene.<br \/>\nIzdelana je iz lesa smreke brez dodanih primesi, vlakna pa so srednje tanka in srednje mehka.<br \/>\nIzredno finih lesnih vlaken, ki so primerna za zelo majhne \u0161katle (npr. za \u0161katle 10\/15cm ali<br \/>\nmanj\u0161e) nimamo v ponudbi.<\/p>\n<p><strong>Zaloga<\/strong><br \/>\nDolo\u010dena koli\u010dina lesne volne je vedno na zalogi. Odpo\u0161iljanje po dostavni slu\u017ebi je v roku 7 dni, mo\u017een pa je tudi osebni prevzem.<\/p>\n<p><strong>Pla\u010dila<\/strong><br \/>\nPla\u010dilo je mo\u017eno na ve\u010d na\u010dinov:<br \/>\n\u2013 z nakazilom na TRR,<br \/>\n\u2013 s PayPal nakazilom na ra\u010dun nakup@gorsko.si ali<br \/>\n\u2013 z gotovino ob prevzemu na sede\u017eu podjetja.<br \/>\nPla\u010dilo \u201cpo povzetju\u201d ni mo\u017eno.<br \/>\nPla\u010dilo s kartico na sede\u017eu podjetja ni mo\u017eno.<\/p>\n<p><strong>Pakiranja<\/strong><br \/>\nTrenutna pakiranja so 1kg, 2kg, 5kg, 10kg, 20kg, 30kg, paleta, jumbo vre\u010da 1m3 ali nasuto na<br \/>\nkamion. Po predhodnem dogovoru so mo\u017ena tudi druga pakiranja.<\/p>\n<div id=\"attachment_14915\" style=\"width: 310px\" class=\"wp-caption alignnone\"><img aria-describedby=\"caption-attachment-14915\" loading=\"lazy\" class=\"size-medium wp-image-14915\" src=\"http:\/\/www.gorsko.si\/Gorsko\/wp-content\/uploads\/2020\/09\/lesna_volna_1-300x212.jpg\" alt=\"LESNA VOLNA\" width=\"300\" height=\"212\" srcset=\"https:\/\/www.gorsko.si\/Gorsko\/wp-content\/uploads\/2020\/09\/lesna_volna_1-300x212.jpg 300w, https:\/\/www.gorsko.si\/Gorsko\/wp-content\/uploads\/2020\/09\/lesna_volna_1-1024x723.jpg 1024w, https:\/\/www.gorsko.si\/Gorsko\/wp-content\/uploads\/2020\/09\/lesna_volna_1-768x542.jpg 768w, https:\/\/www.gorsko.si\/Gorsko\/wp-content\/uploads\/2020\/09\/lesna_volna_1-220x154.jpg 220w, https:\/\/www.gorsko.si\/Gorsko\/wp-content\/uploads\/2020\/09\/lesna_volna_1-600x424.jpg 600w, https:\/\/www.gorsko.si\/Gorsko\/wp-content\/uploads\/2020\/09\/lesna_volna_1-770x543.jpg 770w, https:\/\/www.gorsko.si\/Gorsko\/wp-content\/uploads\/2020\/09\/lesna_volna_1-370x261.jpg 370w, https:\/\/www.gorsko.si\/Gorsko\/wp-content\/uploads\/2020\/09\/lesna_volna_1.jpg 1200w\" sizes=\"(max-width: 300px) 100vw, 300px\" \/><p id=\"caption-attachment-14915\" class=\"wp-caption-text\">LESNA VOLNA<\/p><\/div>\n<p><strong>POSTOPEK NARO\u010cILA<\/strong><br \/>\nLesno volno v razli\u010dnih pakiranjih lahko naro\u010dite preko te spletne trgovine, e-po\u0161te ali se oglasite<br \/>\nna sede\u017eu na\u0161ega podjetja.<\/p>\n<p>A. naro\u010dilo preko spletne trgovine (priporo\u010damo):<br \/>\n\u2013 izberete \u017eelen paket, vpi\u0161ete naslov za dostavo in telefonsko \u0161tevilko za dostavno slu\u017ebo<br \/>\n\u2013 na e-po\u0161to dobite potrdilo o nakupu s podatki za pla\u010dilo (nakazilo na TRR ali PayPal)<br \/>\n\u2013 izvedete pla\u010dilo<br \/>\n\u2013 odpo\u0161ljemo po dostavni slu\u017ebi<\/p>\n<p>B. naro\u010dilo po e-po\u0161ti:<br \/>\n\u2013 po\u0161ljite naslov za dostavo in telefonsko \u0161tevilko za dostavno slu\u017ebo<br \/>\n\u2013 na e-po\u0161to vam vrnemo predra\u010dun s podatki za pla\u010dilo<br \/>\n\u2013 izvedete nakazilo<br \/>\n\u2013 odpo\u0161ljemo po dostavni slu\u017ebi<\/p>\n<p>C. naro\u010dilo na sede\u017eu podjetja:<br \/>\n\u2013 v delovnem \u010dasu med 7. in 15. uro vsak delovnik se oglasite v na\u0161i proizvodnji na naslovu GT<br \/>\nGORSKO d.o.o., Medribnik 27e, 2282 Cirkulane<br \/>\n\u2013 paket prevzamete in pla\u010date z gotovino (pla\u010dilo s kartico ob osebnem prevzemu ni mo\u017eno!)<\/p>\n<p><strong>CENIK:<\/strong><br \/>\n1kg = 10\u20ac (10\u20ac\/kg)<br \/>\n2kg = 15\u20ac (7,5\u20ac\/kg)<br \/>\n5kg = 25\u20ac (5\u20ac\/kg)<br \/>\n10kg = 35\u20ac (3,5\u20ac\/kg)<br \/>\n20kg = 70\u20ac (3,5\u20ac\/kg)<br \/>\n30 kg = 105\u20ac (3,5\u20ac\/kg)<br \/>\nVse cene vklju\u010dujejo 22% DDV.<br \/>\nDostava se zara\u010duna dodatno v pav\u0161alnem znesku 7\u20ac\/ naro\u010dilo, ne glede na \u0161tevilo paketov.<\/p>\n<p><strong>DODATNE INFORMACIJE:<\/strong><br \/>\nZa ve\u010d informacij:<br \/>\nlesnavolna@gorsko.si<br \/>\n030 457 970 &#8211; Barbara<\/p>\n<p>&nbsp;<\/p>\n<p><img loading=\"lazy\" class=\"size-medium wp-image-15348\" src=\"http:\/\/www.gorsko.si\/Gorsko\/wp-content\/uploads\/2021\/12\/lesna_volna_4-273x300.jpg\" alt=\"\" width=\"273\" height=\"300\" srcset=\"https:\/\/www.gorsko.si\/Gorsko\/wp-content\/uploads\/2021\/12\/lesna_volna_4-273x300.jpg 273w, https:\/\/www.gorsko.si\/Gorsko\/wp-content\/uploads\/2021\/12\/lesna_volna_4-932x1024.jpg 932w, https:\/\/www.gorsko.si\/Gorsko\/wp-content\/uploads\/2021\/12\/lesna_volna_4-768x844.jpg 768w, https:\/\/www.gorsko.si\/Gorsko\/wp-content\/uploads\/2021\/12\/lesna_volna_4-1170x1285.jpg 1170w, https:\/\/www.gorsko.si\/Gorsko\/wp-content\/uploads\/2021\/12\/lesna_volna_4-600x659.jpg 600w, https:\/\/www.gorsko.si\/Gorsko\/wp-content\/uploads\/2021\/12\/lesna_volna_4-770x846.jpg 770w, https:\/\/www.gorsko.si\/Gorsko\/wp-content\/uploads\/2021\/12\/lesna_volna_4-370x406.jpg 370w, https:\/\/www.gorsko.si\/Gorsko\/wp-content\/uploads\/2021\/12\/lesna_volna_4.jpg 1200w\" sizes=\"(max-width: 273px) 100vw, 273px\" \/><\/p>\n<p>&nbsp;<\/p>\n<p><img loading=\"lazy\" class=\"alignnone size-medium wp-image-15347\" src=\"http:\/\/www.gorsko.si\/Gorsko\/wp-content\/uploads\/2021\/12\/lesna_volna_3-300x225.jpg\" alt=\"\" width=\"300\" height=\"225\" srcset=\"https:\/\/www.gorsko.si\/Gorsko\/wp-content\/uploads\/2021\/12\/lesna_volna_3-300x225.jpg 300w, https:\/\/www.gorsko.si\/Gorsko\/wp-content\/uploads\/2021\/12\/lesna_volna_3-1024x768.jpg 1024w, https:\/\/www.gorsko.si\/Gorsko\/wp-content\/uploads\/2021\/12\/lesna_volna_3-768x576.jpg 768w, https:\/\/www.gorsko.si\/Gorsko\/wp-content\/uploads\/2021\/12\/lesna_volna_3-1170x878.jpg 1170w, https:\/\/www.gorsko.si\/Gorsko\/wp-content\/uploads\/2021\/12\/lesna_volna_3-600x450.jpg 600w, https:\/\/www.gorsko.si\/Gorsko\/wp-content\/uploads\/2021\/12\/lesna_volna_3-770x578.jpg 770w, https:\/\/www.gorsko.si\/Gorsko\/wp-content\/uploads\/2021\/12\/lesna_volna_3-370x278.jpg 370w, https:\/\/www.gorsko.si\/Gorsko\/wp-content\/uploads\/2021\/12\/lesna_volna_3.jpg 1200w\" sizes=\"(max-width: 300px) 100vw, 300px\" \/><\/p>\n<div id=\"attachment_15346\" style=\"width: 310px\" class=\"wp-caption alignnone\"><img aria-describedby=\"caption-attachment-15346\" loading=\"lazy\" class=\"size-medium wp-image-15346\" src=\"http:\/\/www.gorsko.si\/Gorsko\/wp-content\/uploads\/2021\/12\/lesna_volna_2-300x225.jpg\" alt=\"Primeri uporabe lesne volne\" width=\"300\" height=\"225\" srcset=\"https:\/\/www.gorsko.si\/Gorsko\/wp-content\/uploads\/2021\/12\/lesna_volna_2-300x225.jpg 300w, https:\/\/www.gorsko.si\/Gorsko\/wp-content\/uploads\/2021\/12\/lesna_volna_2-1024x768.jpg 1024w, https:\/\/www.gorsko.si\/Gorsko\/wp-content\/uploads\/2021\/12\/lesna_volna_2-768x576.jpg 768w, https:\/\/www.gorsko.si\/Gorsko\/wp-content\/uploads\/2021\/12\/lesna_volna_2-1170x878.jpg 1170w, https:\/\/www.gorsko.si\/Gorsko\/wp-content\/uploads\/2021\/12\/lesna_volna_2-600x450.jpg 600w, https:\/\/www.gorsko.si\/Gorsko\/wp-content\/uploads\/2021\/12\/lesna_volna_2-770x578.jpg 770w, https:\/\/www.gorsko.si\/Gorsko\/wp-content\/uploads\/2021\/12\/lesna_volna_2-370x278.jpg 370w, https:\/\/www.gorsko.si\/Gorsko\/wp-content\/uploads\/2021\/12\/lesna_volna_2.jpg 1200w\" sizes=\"(max-width: 300px) 100vw, 300px\" \/><p id=\"caption-attachment-15346\" class=\"wp-caption-text\">Primeri uporabe lesne volne<\/p><\/div>\n","protected":false},"excerpt":{"rendered":"<p>Lesna volna je primerna kot polnilo za pakiranje ali za dekoracijo. Naravni izdelek Lesno volno proizvajamo iz lesa suhe smreke, brez kakr\u0161nihkoli<\/p>\n","protected":false},"featured_media":14915,"template":"","meta":[],"yoast_head":"<!-- This site is optimized with the Yoast SEO plugin v16.2 - https:\/\/yoast.com\/wordpress\/plugins\/seo\/ -->\n<title>Lesna volna 1kg - Gorsko<\/title>\n<meta name=\"robots\" content=\"index, follow, max-snippet:-1, max-image-preview:large, max-video-preview:-1\" \/>\n<link rel=\"canonical\" href=\"https:\/\/www.gorsko.si\/Gorsko\/product\/lesna-volna-1kg\/\" \/>\n<meta property=\"og:locale\" content=\"sl_SI\" \/>\n<meta property=\"og:type\" content=\"article\" \/>\n<meta property=\"og:title\" content=\"Lesna volna 1kg - Gorsko\" \/>\n<meta property=\"og:description\" content=\"Lesna volna je primerna kot polnilo za pakiranje ali za dekoracijo. Naravni izdelek Lesno volno proizvajamo iz lesa suhe smreke, brez kakr\u0161nihkoli\" \/>\n<meta property=\"og:url\" content=\"https:\/\/www.gorsko.si\/Gorsko\/product\/lesna-volna-1kg\/\" \/>\n<meta property=\"og:site_name\" content=\"Gorsko\" \/>\n<meta property=\"article:modified_time\" content=\"2025-08-14T23:26:50+00:00\" \/>\n<meta property=\"og:image\" content=\"https:\/\/www.gorsko.si\/Gorsko\/wp-content\/uploads\/2020\/09\/lesna_volna_1.jpg\" \/>\n\t<meta property=\"og:image:width\" content=\"1200\" \/>\n\t<meta property=\"og:image:height\" content=\"847\" \/>\n<meta name=\"twitter:card\" content=\"summary_large_image\" \/>\n<meta name=\"twitter:label1\" content=\"Est. reading time\">\n\t<meta name=\"twitter:data1\" content=\"3 minute\">\n<script type=\"application\/ld+json\" class=\"yoast-schema-graph\">{\"@context\":\"https:\/\/schema.org\",\"@graph\":[{\"@type\":\"WebSite\",\"@id\":\"https:\/\/www.gorsko.si\/Gorsko\/#website\",\"url\":\"https:\/\/www.gorsko.si\/Gorsko\/\",\"name\":\"Gorsko\",\"description\":\"Gorsko\",\"potentialAction\":[{\"@type\":\"SearchAction\",\"target\":\"https:\/\/www.gorsko.si\/Gorsko\/?s={search_term_string}\",\"query-input\":\"required name=search_term_string\"}],\"inLanguage\":\"sl-SI\"},{\"@type\":\"ImageObject\",\"@id\":\"https:\/\/www.gorsko.si\/Gorsko\/product\/lesna-volna-1kg\/#primaryimage\",\"inLanguage\":\"sl-SI\",\"url\":\"https:\/\/www.gorsko.si\/Gorsko\/wp-content\/uploads\/2020\/09\/lesna_volna_1.jpg\",\"contentUrl\":\"https:\/\/www.gorsko.si\/Gorsko\/wp-content\/uploads\/2020\/09\/lesna_volna_1.jpg\",\"width\":1200,\"height\":847,\"caption\":\"LESNA VOLNA\"},{\"@type\":\"WebPage\",\"@id\":\"https:\/\/www.gorsko.si\/Gorsko\/product\/lesna-volna-1kg\/#webpage\",\"url\":\"https:\/\/www.gorsko.si\/Gorsko\/product\/lesna-volna-1kg\/\",\"name\":\"Lesna volna 1kg - Gorsko\",\"isPartOf\":{\"@id\":\"https:\/\/www.gorsko.si\/Gorsko\/#website\"},\"primaryImageOfPage\":{\"@id\":\"https:\/\/www.gorsko.si\/Gorsko\/product\/lesna-volna-1kg\/#primaryimage\"},\"datePublished\":\"2020-09-01T08:54:19+00:00\",\"dateModified\":\"2025-08-14T23:26:50+00:00\",\"breadcrumb\":{\"@id\":\"https:\/\/www.gorsko.si\/Gorsko\/product\/lesna-volna-1kg\/#breadcrumb\"},\"inLanguage\":\"sl-SI\",\"potentialAction\":[{\"@type\":\"ReadAction\",\"target\":[\"https:\/\/www.gorsko.si\/Gorsko\/product\/lesna-volna-1kg\/\"]}]},{\"@type\":\"BreadcrumbList\",\"@id\":\"https:\/\/www.gorsko.si\/Gorsko\/product\/lesna-volna-1kg\/#breadcrumb\",\"itemListElement\":[{\"@type\":\"ListItem\",\"position\":1,\"item\":{\"@type\":\"WebPage\",\"@id\":\"https:\/\/www.gorsko.si\/Gorsko\/\",\"url\":\"https:\/\/www.gorsko.si\/Gorsko\/\",\"name\":\"Home\"}},{\"@type\":\"ListItem\",\"position\":2,\"item\":{\"@type\":\"WebPage\",\"@id\":\"https:\/\/www.gorsko.si\/Gorsko\/etrgovina\/\",\"url\":\"https:\/\/www.gorsko.si\/Gorsko\/etrgovina\/\",\"name\":\"E-trgovina\"}},{\"@type\":\"ListItem\",\"position\":3,\"item\":{\"@id\":\"https:\/\/www.gorsko.si\/Gorsko\/product\/lesna-volna-1kg\/#webpage\"}}]}]}<\/script>\n<!-- \/ Yoast SEO plugin. -->","_links":{"self":[{"href":"https:\/\/www.gorsko.si\/Gorsko\/wp-json\/wp\/v2\/product\/14921"}],"collection":[{"href":"https:\/\/www.gorsko.si\/Gorsko\/wp-json\/wp\/v2\/product"}],"about":[{"href":"https:\/\/www.gorsko.si\/Gorsko\/wp-json\/wp\/v2\/types\/product"}],"wp:featuredmedia":[{"embeddable":true,"href":"https:\/\/www.gorsko.si\/Gorsko\/wp-json\/wp\/v2\/media\/14915"}],"wp:attachment":[{"href":"https:\/\/www.gorsko.si\/Gorsko\/wp-json\/wp\/v2\/media?parent=14921"}],"curies":[{"name":"wp","href":"https:\/\/api.w.org\/{rel}","templated":true}]}}