{"id":16068,"date":"2024-04-23T19:47:00","date_gmt":"2024-04-23T19:47:00","guid":{"rendered":"https:\/\/www.gorsko.si\/Gorsko\/?page_id=16068"},"modified":"2024-04-23T21:09:49","modified_gmt":"2024-04-23T21:09:49","slug":"razvoj-montaznih-modularnih-konopljinih-his","status":"publish","type":"page","link":"https:\/\/www.gorsko.si\/Gorsko\/razvoj-montaznih-modularnih-konopljinih-his\/","title":{"rendered":"Razvoj monta\u017enih modularnih konopljinih hi\u0161"},"content":{"rendered":"\n<p>Podjetji Cogreen d.o.o. in GT Gorsko nadaljujeta pot razvoja novih proizvodov in izbolj\u0161av, kjer v izteku poslovnega leta za\u010denjamo z pozitivnim sklepom s strani SPIRIT Slovenija, javna agencija. Podjetji sta bili uspe\u0161ni pri dodelitvi evropskih sredstev za razvoj proizvoda: \u201cEkolo\u0161ki panel iz konopljinega betona za trajnostno monta\u017eno gradnjo\u201d. Projekt obsega tako razvoj lesenih monta\u017enih konstrukcijskih elementov in modulov kot me\u0161anic konopljinega BIO kompozita &#8211; KONOPLJIN BETON izklju\u010dno za ta namen. Cilj razvoja novega proizvoda je pribli\u017eati energetsko u\u010dinkovito, zdravju in okolju prijazno gradnjo ve\u010dji ciljni skupini ljudi skozi optimizacijo \u010dasa potrebnega za gradnjo v primerjavi z obi\u010dajnimi metodami gradnje z BIO kompozitom konopljin beton. Prav tako z razvojem novih tehnologij gradnje zasledujemo cilj optimizacije energije, virov, ter stro\u0161kov v primerjavi s tradicionalnimi metodami. <\/p>\n\n\n\n<p>Na\u0161 prvi cilj \u0161est mese\u010dnega obdobja bo razviti konstrukcijske re\u0161itve z detajli skladnimi s standardi panelnih sistemov za lesene konstrukcije, ter uskladiti re\u0161itve z tehnologijo gradnje s konopljinim betonom. V obzir bo potrebno vzeti tudi prilagoditve arhitekturnim smernicam ter temu primerno postaviti dimenzije, stati\u010dno preveriti zasnovo in slediti \u010dim ve\u010dji standardizaciji teholo\u0161ke re\u0161itve za vse konstrukcijske elemente. <\/p>\n\n\n\n<p>Projekt traja 24 mesecev, tj. od novembra 2023 do novembra 2025. Skupna vrednost razvojnih aktivnosti projekta je ocenjena na 500.000 EUR, sofinanciranje zna\u0161a 300.000 EUR. Nalo\u017eba je del ukrepov slovenskega Na\u010drta za okrevanje in odpornost. \u201eFinancira Evropska unija \u2013 NextGenerationEU&#8221;.<\/p>\n\n\n\n<hr class=\"wp-block-separator\"\/>\n\n\n\n<p><\/p>\n\n\n\n<div class=\"wp-block-image\"><figure class=\"aligncenter size-large\"><img loading=\"lazy\" width=\"500\" height=\"45\" src=\"https:\/\/www.gorsko.si\/Gorsko\/wp-content\/uploads\/2024\/04\/eu-razpis-1.png\" alt=\"\" class=\"wp-image-16072\" srcset=\"https:\/\/www.gorsko.si\/Gorsko\/wp-content\/uploads\/2024\/04\/eu-razpis-1.png 500w, https:\/\/www.gorsko.si\/Gorsko\/wp-content\/uploads\/2024\/04\/eu-razpis-1-300x27.png 300w, https:\/\/www.gorsko.si\/Gorsko\/wp-content\/uploads\/2024\/04\/eu-razpis-1-18x2.png 18w, https:\/\/www.gorsko.si\/Gorsko\/wp-content\/uploads\/2024\/04\/eu-razpis-1-370x33.png 370w\" sizes=\"(max-width: 500px) 100vw, 500px\" \/><\/figure><\/div>\n\n\n\n<hr class=\"wp-block-separator\"\/>\n\n\n\n<p><em>Javni razpis se izvaja v skladu z NOO, ki je podlaga za kori\u0161\u010denje razpolo\u017eljivih sredstev iz Sklada za okrevanje in odpornost. Javni razpis se v NOO ume\u0161\u010da na 3. razvojno podro\u010dje: \u00bbPametna trajnostna in vklju\u010dujo\u010da rast\u00ab, v komponento 1: \u00bbRRI \u2013 raziskave, razvoj in inovacije\u00ab, v okvir investicije B: \u00bbSofinanciranje raziskovalno inovacijskih projektov v podporo zelenemu prehodu in digitalizaciji\u00ab.<br>Namen javnega razpisa je spodbujanje raziskovalno razvojnih dejavnosti v konzorcijih podjetij v okviru raziskovalno razvojnih projektov na podro\u010dju zelenega prehoda za razvoj novih ali izbolj\u0161anih izdelkov, procesov ali storitev.<br>Cilj javnega razpisa je prispevati k zelenemu prehodu, k pove\u010devanju vlaganj v raziskave in razvoj, pove\u010danju produktivnosti (tudi snovne in energetske produktivnosti) in konkuren\u010dnosti gospodarstva.<br>Predmet javnega razpisa je skladno z NOO sofinanciranje izvajanja RRI projektov konzorcijev podjetij, usmerjenih v zeleni prehod in kro\u017eno gospodarstvo. RRI projekti bodo tehnolo\u0161ko nevtralni v smislu vpliva na okolje, na ravni njihove uporabe. Projektni cilj vsakega RRI projekta mora biti nov ali izbolj\u0161an izdelek, proces ali storitev, razvit do stopnje, da je potrjen v kon\u010dni obliki ter primeren za uporabo v realnem okolju. Slednje pomeni uporabo izdelka, procesa ali storitve v njihovi kon\u010dni obliki in v predvidenih pogojih operativne uporabe.<\/em><\/p>\n","protected":false},"excerpt":{"rendered":"<p>Podjetji Cogreen d.o.o. in GT Gorsko nadaljujeta pot razvoja novih proizvodov in izbolj\u0161av, kjer v izteku poslovnega leta za\u010denjamo z pozitivnim sklepom<\/p>\n","protected":false},"author":1,"featured_media":0,"parent":0,"menu_order":0,"comment_status":"closed","ping_status":"closed","template":"","meta":[],"yoast_head":"<!-- This site is optimized with the Yoast SEO plugin v16.2 - https:\/\/yoast.com\/wordpress\/plugins\/seo\/ -->\n<title>Razvoj monta\u017enih modularnih konopljinih hi\u0161 - Gorsko<\/title>\n<meta name=\"robots\" content=\"index, follow, max-snippet:-1, max-image-preview:large, max-video-preview:-1\" \/>\n<link rel=\"canonical\" href=\"https:\/\/www.gorsko.si\/Gorsko\/razvoj-montaznih-modularnih-konopljinih-his\/\" \/>\n<meta property=\"og:locale\" content=\"sl_SI\" \/>\n<meta property=\"og:type\" content=\"article\" \/>\n<meta property=\"og:title\" content=\"Razvoj monta\u017enih modularnih konopljinih hi\u0161 - Gorsko\" \/>\n<meta property=\"og:description\" content=\"Podjetji Cogreen d.o.o. in GT Gorsko nadaljujeta pot razvoja novih proizvodov in izbolj\u0161av, kjer v izteku poslovnega leta za\u010denjamo z pozitivnim sklepom\" \/>\n<meta property=\"og:url\" content=\"https:\/\/www.gorsko.si\/Gorsko\/razvoj-montaznih-modularnih-konopljinih-his\/\" \/>\n<meta property=\"og:site_name\" content=\"Gorsko\" \/>\n<meta property=\"article:modified_time\" content=\"2024-04-23T21:09:49+00:00\" \/>\n<meta property=\"og:image\" content=\"https:\/\/www.gorsko.si\/Gorsko\/wp-content\/uploads\/2024\/04\/eu-razpis-1.png\" \/>\n<meta name=\"twitter:card\" content=\"summary_large_image\" \/>\n<meta name=\"twitter:label1\" content=\"Est. reading time\">\n\t<meta name=\"twitter:data1\" content=\"3 minute\">\n<script type=\"application\/ld+json\" class=\"yoast-schema-graph\">{\"@context\":\"https:\/\/schema.org\",\"@graph\":[{\"@type\":\"WebSite\",\"@id\":\"https:\/\/www.gorsko.si\/Gorsko\/#website\",\"url\":\"https:\/\/www.gorsko.si\/Gorsko\/\",\"name\":\"Gorsko\",\"description\":\"Gorsko\",\"potentialAction\":[{\"@type\":\"SearchAction\",\"target\":\"https:\/\/www.gorsko.si\/Gorsko\/?s={search_term_string}\",\"query-input\":\"required name=search_term_string\"}],\"inLanguage\":\"sl-SI\"},{\"@type\":\"ImageObject\",\"@id\":\"https:\/\/www.gorsko.si\/Gorsko\/razvoj-montaznih-modularnih-konopljinih-his\/#primaryimage\",\"inLanguage\":\"sl-SI\",\"url\":\"https:\/\/www.gorsko.si\/Gorsko\/wp-content\/uploads\/2024\/04\/eu-razpis-1.png\",\"contentUrl\":\"https:\/\/www.gorsko.si\/Gorsko\/wp-content\/uploads\/2024\/04\/eu-razpis-1.png\",\"width\":500,\"height\":45},{\"@type\":\"WebPage\",\"@id\":\"https:\/\/www.gorsko.si\/Gorsko\/razvoj-montaznih-modularnih-konopljinih-his\/#webpage\",\"url\":\"https:\/\/www.gorsko.si\/Gorsko\/razvoj-montaznih-modularnih-konopljinih-his\/\",\"name\":\"Razvoj monta\\u017enih modularnih konopljinih hi\\u0161 - Gorsko\",\"isPartOf\":{\"@id\":\"https:\/\/www.gorsko.si\/Gorsko\/#website\"},\"primaryImageOfPage\":{\"@id\":\"https:\/\/www.gorsko.si\/Gorsko\/razvoj-montaznih-modularnih-konopljinih-his\/#primaryimage\"},\"datePublished\":\"2024-04-23T19:47:00+00:00\",\"dateModified\":\"2024-04-23T21:09:49+00:00\",\"breadcrumb\":{\"@id\":\"https:\/\/www.gorsko.si\/Gorsko\/razvoj-montaznih-modularnih-konopljinih-his\/#breadcrumb\"},\"inLanguage\":\"sl-SI\",\"potentialAction\":[{\"@type\":\"ReadAction\",\"target\":[\"https:\/\/www.gorsko.si\/Gorsko\/razvoj-montaznih-modularnih-konopljinih-his\/\"]}]},{\"@type\":\"BreadcrumbList\",\"@id\":\"https:\/\/www.gorsko.si\/Gorsko\/razvoj-montaznih-modularnih-konopljinih-his\/#breadcrumb\",\"itemListElement\":[{\"@type\":\"ListItem\",\"position\":1,\"item\":{\"@type\":\"WebPage\",\"@id\":\"https:\/\/www.gorsko.si\/Gorsko\/\",\"url\":\"https:\/\/www.gorsko.si\/Gorsko\/\",\"name\":\"Home\"}},{\"@type\":\"ListItem\",\"position\":2,\"item\":{\"@id\":\"https:\/\/www.gorsko.si\/Gorsko\/razvoj-montaznih-modularnih-konopljinih-his\/#webpage\"}}]}]}<\/script>\n<!-- \/ Yoast SEO plugin. -->","_links":{"self":[{"href":"https:\/\/www.gorsko.si\/Gorsko\/wp-json\/wp\/v2\/pages\/16068"}],"collection":[{"href":"https:\/\/www.gorsko.si\/Gorsko\/wp-json\/wp\/v2\/pages"}],"about":[{"href":"https:\/\/www.gorsko.si\/Gorsko\/wp-json\/wp\/v2\/types\/page"}],"author":[{"embeddable":true,"href":"https:\/\/www.gorsko.si\/Gorsko\/wp-json\/wp\/v2\/users\/1"}],"replies":[{"embeddable":true,"href":"https:\/\/www.gorsko.si\/Gorsko\/wp-json\/wp\/v2\/comments?post=16068"}],"version-history":[{"count":9,"href":"https:\/\/www.gorsko.si\/Gorsko\/wp-json\/wp\/v2\/pages\/16068\/revisions"}],"predecessor-version":[{"id":16080,"href":"https:\/\/www.gorsko.si\/Gorsko\/wp-json\/wp\/v2\/pages\/16068\/revisions\/16080"}],"wp:attachment":[{"href":"https:\/\/www.gorsko.si\/Gorsko\/wp-json\/wp\/v2\/media?parent=16068"}],"curies":[{"name":"wp","href":"https:\/\/api.w.org\/{rel}","templated":true}]}}