{"id":14921,"date":"2020-09-01T08:54:19","date_gmt":"2020-09-01T08:54:19","guid":{"rendered":"http:\/\/www.gorsko.si\/Gorsko\/?post_type=product&#038;p=14921"},"modified":"2025-08-14T23:26:50","modified_gmt":"2025-08-14T23:26:50","slug":"lesna-volna-1kg","status":"publish","type":"product","link":"https:\/\/www.gorsko.si\/Gorsko\/hr\/product\/lesna-volna-1kg\/","title":{"rendered":"Drvena vuna 1kg"},"content":{"rendered":"<p>Drvena vuna je prikladna kao punilo za pakiranje ili za dekoraciju.<\/p>\n<p><strong>Prirodni proizvod<\/strong><br \/>\nDrvena vuna se proizvodi od suhog drva smreke, bez ikakvih dodataka. Proizvod je prirodan,<br \/>\nodr\u017eiv, ekolo\u0161ki neupitan, biorazgradiv.<br \/>\nAko ga koristimo u svrhu zamatanja darova, nakon isteka kori\u0161tenja mo\u017ee se ponovno koristiti<br \/>\nza ukras ili za lo\u017eenje u kaminu, kao i mal\u010d u vrtu i sl.<\/p>\n<p><strong>Primjeri upotrebe:<\/strong><br \/>\n\u2013 kao ukrasno punilo kod pakiranja poklon kutija (npr. boca vina, sireva i mesnih proizvoda, sapuna,<br \/>\nkozmetika...)<br \/>\n\u2013 kao za\u0161tita tijekom transporta (npr. razni tehni\u010dki proizvodi, kerami\u010dki proizvodi i sl.)<\/p>\n<p><strong>Kvaliteta<\/strong><br \/>\nDrvena vuna prikladna je za kori\u0161tenje kao punilo u (poklon) ambala\u017ei, dekoraciji, kreaciji i<br \/>\ndruge razne namjene.<br \/>\nIzra\u0111en je od drva smreke bez ikakvih dodataka, a vlakna su srednje tanka i srednje meka.<br \/>\nIzuzetno fina drvena vlakna koja su prikladna za vrlo male kutije (npr. za kutije 10\/15 cm ili<br \/>\nmanji) ne nudimo.<\/p>\n<p><strong>Zaliha<\/strong><br \/>\nOdre\u0111ena koli\u010dina drvene vune uvijek je na zalihi. Dostava putem dostavne slu\u017ebe je u roku od 7 dana, ali mogu\u0107e je i osobno preuzimanje.<\/p>\n<p><strong>Pla\u0107anja<\/strong><br \/>\nPla\u0107anje je mogu\u0107e na vi\u0161e na\u010dina:<br \/>\n\u2013 prijenosom na TRR,<br \/>\n- PayPal doznakom na ra\u010dun nakup@gorsko.si odn<br \/>\n- u gotovini prilikom preuzimanja u sjedi\u0161tu tvrtke.<br \/>\nPla\u0107anje &quot;pouze\u0107em&quot; nije mogu\u0107e.<br \/>\nPla\u0107anje karticom nije mogu\u0107e u sjedi\u0161tu tvrtke.<\/p>\n<p><strong>Ambala\u017ea<\/strong><br \/>\nTrenutna pakiranja su 1kg, 2kg, 5kg, 10kg, 20kg, 30kg, paleta, jumbo vre\u0107a 1m3 ili rinfuza na<br \/>\nkamion. Po prethodnom dogovoru mogu\u0107i su i drugi paketi.<\/p>\n<div id=\"attachment_14915\" style=\"width: 310px\" class=\"wp-caption alignnone\"><img aria-describedby=\"caption-attachment-14915\" loading=\"lazy\" class=\"size-medium wp-image-14915\" src=\"http:\/\/www.gorsko.si\/Gorsko\/wp-content\/uploads\/2020\/09\/lesna_volna_1-300x212.jpg\" alt=\"LESNA VOLNA\" width=\"300\" height=\"212\" srcset=\"https:\/\/www.gorsko.si\/Gorsko\/wp-content\/uploads\/2020\/09\/lesna_volna_1-300x212.jpg 300w, https:\/\/www.gorsko.si\/Gorsko\/wp-content\/uploads\/2020\/09\/lesna_volna_1-1024x723.jpg 1024w, https:\/\/www.gorsko.si\/Gorsko\/wp-content\/uploads\/2020\/09\/lesna_volna_1-768x542.jpg 768w, https:\/\/www.gorsko.si\/Gorsko\/wp-content\/uploads\/2020\/09\/lesna_volna_1-220x154.jpg 220w, https:\/\/www.gorsko.si\/Gorsko\/wp-content\/uploads\/2020\/09\/lesna_volna_1-600x424.jpg 600w, https:\/\/www.gorsko.si\/Gorsko\/wp-content\/uploads\/2020\/09\/lesna_volna_1-770x543.jpg 770w, https:\/\/www.gorsko.si\/Gorsko\/wp-content\/uploads\/2020\/09\/lesna_volna_1-370x261.jpg 370w, https:\/\/www.gorsko.si\/Gorsko\/wp-content\/uploads\/2020\/09\/lesna_volna_1.jpg 1200w\" sizes=\"(max-width: 300px) 100vw, 300px\" \/><p id=\"caption-attachment-14915\" class=\"wp-caption-text\">DRVENA VUNA<\/p><\/div>\n<p><strong>POSTUPAK NARUD\u017dBE<\/strong><br \/>\nDrvenu vunu u razli\u010ditim pakiranjima mo\u017eete naru\u010diti putem ove online trgovine, e-mailom ili kontaktiranjem<br \/>\nu sjedi\u0161tu na\u0161e tvrtke.<\/p>\n<p>A. naru\u010dite putem online trgovine (preporu\u010deno):<br \/>\n- odaberete \u017eeljeni paket, unesete adresu dostave i broj telefona dostavne slu\u017ebe<br \/>\n- e-mailom \u0107ete dobiti potvrdu kupnje s podacima o pla\u0107anju (prijenos na TRR ili PayPal)<br \/>\n\u2013 izvr\u0161ite uplatu<br \/>\n- \u0161aljemo dostavnom slu\u017ebom<\/p>\n<p>B. narud\u017eba putem e-maila:<br \/>\n- po\u0161aljite adresu dostave i broj telefona dostavne slu\u017ebe<br \/>\n- na Va\u0161 e-mail \u0161aljemo predra\u010dun s podacima za pla\u0107anje<br \/>\n\u2013 izvr\u0161ite prijenos<br \/>\n- \u0161aljemo dostavnom slu\u017ebom<\/p>\n<p>C. nalog u sjedi\u0161tu tvrtke:<br \/>\n- radnim danom od 7 do 15 sati do\u0111ite u na\u0161u proizvodnju na adresi GT<br \/>\nGORSKO doo, Medribnik 27e, 2282 Cirkulane<br \/>\n- preuzimanje paketa i pla\u0107anje gotovinom (karti\u010dno pla\u0107anje nije mogu\u0107e prilikom osobnog preuzimanja!)<\/p>\n<p><strong>CJENIK:<\/strong><br \/>\n1 kg = 10 \u20ac (10 \u20ac\/kg)<br \/>\n2 kg = 15 \u20ac (7,5 \u20ac\/kg)<br \/>\n5kg = 25\u20ac (5\u20ac\/kg)<br \/>\n10 kg = 35 \u20ac (3,5 \u20ac\/kg)<br \/>\n20 kg = 70 \u20ac (3,5 \u20ac\/kg)<br \/>\n30 kg = 105 \u20ac (3,5 \u20ac\/kg)<br \/>\nSve cijene uklju\u010duju 22% PDV.<br \/>\nDostava se dodatno napla\u0107uje u pau\u0161alnom iznosu od 7\u20ac po narud\u017ebi, bez obzira na broj paketa.<\/p>\n<p><strong>VI\u0160E INFORMACIJA:<\/strong><br \/>\nZa vi\u0161e informacija:<br \/>\nlesnavolna@gorsko.si<br \/>\n030 457 970 \u2013 Barbara<\/p>\n<p>&nbsp;<\/p>\n<p><img loading=\"lazy\" class=\"size-medium wp-image-15348\" src=\"http:\/\/www.gorsko.si\/Gorsko\/wp-content\/uploads\/2021\/12\/lesna_volna_4-273x300.jpg\" alt=\"\" width=\"273\" height=\"300\" srcset=\"https:\/\/www.gorsko.si\/Gorsko\/wp-content\/uploads\/2021\/12\/lesna_volna_4-273x300.jpg 273w, https:\/\/www.gorsko.si\/Gorsko\/wp-content\/uploads\/2021\/12\/lesna_volna_4-932x1024.jpg 932w, https:\/\/www.gorsko.si\/Gorsko\/wp-content\/uploads\/2021\/12\/lesna_volna_4-768x844.jpg 768w, https:\/\/www.gorsko.si\/Gorsko\/wp-content\/uploads\/2021\/12\/lesna_volna_4-1170x1285.jpg 1170w, https:\/\/www.gorsko.si\/Gorsko\/wp-content\/uploads\/2021\/12\/lesna_volna_4-600x659.jpg 600w, https:\/\/www.gorsko.si\/Gorsko\/wp-content\/uploads\/2021\/12\/lesna_volna_4-770x846.jpg 770w, https:\/\/www.gorsko.si\/Gorsko\/wp-content\/uploads\/2021\/12\/lesna_volna_4-370x406.jpg 370w, https:\/\/www.gorsko.si\/Gorsko\/wp-content\/uploads\/2021\/12\/lesna_volna_4.jpg 1200w\" sizes=\"(max-width: 273px) 100vw, 273px\" \/><\/p>\n<p>&nbsp;<\/p>\n<p><img loading=\"lazy\" class=\"alignnone size-medium wp-image-15347\" src=\"http:\/\/www.gorsko.si\/Gorsko\/wp-content\/uploads\/2021\/12\/lesna_volna_3-300x225.jpg\" alt=\"\" width=\"300\" height=\"225\" srcset=\"https:\/\/www.gorsko.si\/Gorsko\/wp-content\/uploads\/2021\/12\/lesna_volna_3-300x225.jpg 300w, https:\/\/www.gorsko.si\/Gorsko\/wp-content\/uploads\/2021\/12\/lesna_volna_3-1024x768.jpg 1024w, https:\/\/www.gorsko.si\/Gorsko\/wp-content\/uploads\/2021\/12\/lesna_volna_3-768x576.jpg 768w, https:\/\/www.gorsko.si\/Gorsko\/wp-content\/uploads\/2021\/12\/lesna_volna_3-1170x878.jpg 1170w, https:\/\/www.gorsko.si\/Gorsko\/wp-content\/uploads\/2021\/12\/lesna_volna_3-600x450.jpg 600w, https:\/\/www.gorsko.si\/Gorsko\/wp-content\/uploads\/2021\/12\/lesna_volna_3-770x578.jpg 770w, https:\/\/www.gorsko.si\/Gorsko\/wp-content\/uploads\/2021\/12\/lesna_volna_3-370x278.jpg 370w, https:\/\/www.gorsko.si\/Gorsko\/wp-content\/uploads\/2021\/12\/lesna_volna_3.jpg 1200w\" sizes=\"(max-width: 300px) 100vw, 300px\" \/><\/p>\n<div id=\"attachment_15346\" style=\"width: 310px\" class=\"wp-caption alignnone\"><img aria-describedby=\"caption-attachment-15346\" loading=\"lazy\" class=\"size-medium wp-image-15346\" src=\"http:\/\/www.gorsko.si\/Gorsko\/wp-content\/uploads\/2021\/12\/lesna_volna_2-300x225.jpg\" alt=\"Primeri uporabe lesne volne\" width=\"300\" height=\"225\" srcset=\"https:\/\/www.gorsko.si\/Gorsko\/wp-content\/uploads\/2021\/12\/lesna_volna_2-300x225.jpg 300w, https:\/\/www.gorsko.si\/Gorsko\/wp-content\/uploads\/2021\/12\/lesna_volna_2-1024x768.jpg 1024w, https:\/\/www.gorsko.si\/Gorsko\/wp-content\/uploads\/2021\/12\/lesna_volna_2-768x576.jpg 768w, https:\/\/www.gorsko.si\/Gorsko\/wp-content\/uploads\/2021\/12\/lesna_volna_2-1170x878.jpg 1170w, https:\/\/www.gorsko.si\/Gorsko\/wp-content\/uploads\/2021\/12\/lesna_volna_2-600x450.jpg 600w, https:\/\/www.gorsko.si\/Gorsko\/wp-content\/uploads\/2021\/12\/lesna_volna_2-770x578.jpg 770w, https:\/\/www.gorsko.si\/Gorsko\/wp-content\/uploads\/2021\/12\/lesna_volna_2-370x278.jpg 370w, https:\/\/www.gorsko.si\/Gorsko\/wp-content\/uploads\/2021\/12\/lesna_volna_2.jpg 1200w\" sizes=\"(max-width: 300px) 100vw, 300px\" \/><p id=\"caption-attachment-15346\" class=\"wp-caption-text\">Primjeri kori\u0161tenja drvene vune<\/p><\/div>","protected":false},"excerpt":{"rendered":"<p>Drvena vuna je prikladna kao punilo za pakiranje ili za dekoraciju. Prirodni proizvod Drvena vuna proizvodi se od suhog drva smreke, bez ikakvih dodataka<\/p>","protected":false},"featured_media":14915,"template":"","meta":[],"yoast_head":"<!-- This site is optimized with the Yoast SEO plugin v16.2 - https:\/\/yoast.com\/wordpress\/plugins\/seo\/ -->\n<title>Lesna volna 1kg - Gorsko<\/title>\n<meta name=\"robots\" content=\"index, follow, max-snippet:-1, max-image-preview:large, max-video-preview:-1\" \/>\n<link rel=\"canonical\" href=\"https:\/\/www.gorsko.si\/Gorsko\/hr\/product\/lesna-volna-1kg\/\" \/>\n<meta property=\"og:locale\" content=\"hr_HR\" \/>\n<meta property=\"og:type\" content=\"article\" \/>\n<meta property=\"og:title\" content=\"Lesna volna 1kg - Gorsko\" \/>\n<meta property=\"og:description\" content=\"Lesna volna je primerna kot polnilo za pakiranje ali za dekoracijo. Naravni izdelek Lesno volno proizvajamo iz lesa suhe smreke, brez kakr\u0161nihkoli\" \/>\n<meta property=\"og:url\" content=\"https:\/\/www.gorsko.si\/Gorsko\/hr\/product\/lesna-volna-1kg\/\" \/>\n<meta property=\"og:site_name\" content=\"Gorsko\" \/>\n<meta property=\"article:modified_time\" content=\"2025-08-14T23:26:50+00:00\" \/>\n<meta property=\"og:image\" content=\"https:\/\/www.gorsko.si\/Gorsko\/wp-content\/uploads\/2020\/09\/lesna_volna_1.jpg\" \/>\n\t<meta property=\"og:image:width\" content=\"1200\" \/>\n\t<meta property=\"og:image:height\" content=\"847\" \/>\n<meta name=\"twitter:card\" content=\"summary_large_image\" \/>\n<meta name=\"twitter:label1\" content=\"Procijenjeno vrijeme \u010ditanja\">\n\t<meta name=\"twitter:data1\" content=\"3 minute\">\n<script type=\"application\/ld+json\" class=\"yoast-schema-graph\">{\"@context\":\"https:\/\/schema.org\",\"@graph\":[{\"@type\":\"WebSite\",\"@id\":\"https:\/\/www.gorsko.si\/Gorsko\/#website\",\"url\":\"https:\/\/www.gorsko.si\/Gorsko\/\",\"name\":\"Gorsko\",\"description\":\"Gorsko\",\"potentialAction\":[{\"@type\":\"SearchAction\",\"target\":\"https:\/\/www.gorsko.si\/Gorsko\/?s={search_term_string}\",\"query-input\":\"required name=search_term_string\"}],\"inLanguage\":\"hr\"},{\"@type\":\"ImageObject\",\"@id\":\"https:\/\/www.gorsko.si\/Gorsko\/product\/lesna-volna-1kg\/#primaryimage\",\"inLanguage\":\"hr\",\"url\":\"https:\/\/www.gorsko.si\/Gorsko\/wp-content\/uploads\/2020\/09\/lesna_volna_1.jpg\",\"contentUrl\":\"https:\/\/www.gorsko.si\/Gorsko\/wp-content\/uploads\/2020\/09\/lesna_volna_1.jpg\",\"width\":1200,\"height\":847,\"caption\":\"LESNA VOLNA\"},{\"@type\":\"WebPage\",\"@id\":\"https:\/\/www.gorsko.si\/Gorsko\/product\/lesna-volna-1kg\/#webpage\",\"url\":\"https:\/\/www.gorsko.si\/Gorsko\/product\/lesna-volna-1kg\/\",\"name\":\"Lesna volna 1kg - Gorsko\",\"isPartOf\":{\"@id\":\"https:\/\/www.gorsko.si\/Gorsko\/#website\"},\"primaryImageOfPage\":{\"@id\":\"https:\/\/www.gorsko.si\/Gorsko\/product\/lesna-volna-1kg\/#primaryimage\"},\"datePublished\":\"2020-09-01T08:54:19+00:00\",\"dateModified\":\"2025-08-14T23:26:50+00:00\",\"breadcrumb\":{\"@id\":\"https:\/\/www.gorsko.si\/Gorsko\/product\/lesna-volna-1kg\/#breadcrumb\"},\"inLanguage\":\"hr\",\"potentialAction\":[{\"@type\":\"ReadAction\",\"target\":[\"https:\/\/www.gorsko.si\/Gorsko\/product\/lesna-volna-1kg\/\"]}]},{\"@type\":\"BreadcrumbList\",\"@id\":\"https:\/\/www.gorsko.si\/Gorsko\/product\/lesna-volna-1kg\/#breadcrumb\",\"itemListElement\":[{\"@type\":\"ListItem\",\"position\":1,\"item\":{\"@type\":\"WebPage\",\"@id\":\"https:\/\/www.gorsko.si\/Gorsko\/\",\"url\":\"https:\/\/www.gorsko.si\/Gorsko\/\",\"name\":\"Home\"}},{\"@type\":\"ListItem\",\"position\":2,\"item\":{\"@type\":\"WebPage\",\"@id\":\"https:\/\/www.gorsko.si\/Gorsko\/etrgovina\/\",\"url\":\"https:\/\/www.gorsko.si\/Gorsko\/etrgovina\/\",\"name\":\"E-trgovina\"}},{\"@type\":\"ListItem\",\"position\":3,\"item\":{\"@id\":\"https:\/\/www.gorsko.si\/Gorsko\/product\/lesna-volna-1kg\/#webpage\"}}]}]}<\/script>\n<!-- \/ Yoast SEO plugin. -->","_links":{"self":[{"href":"https:\/\/www.gorsko.si\/Gorsko\/hr\/wp-json\/wp\/v2\/product\/14921"}],"collection":[{"href":"https:\/\/www.gorsko.si\/Gorsko\/hr\/wp-json\/wp\/v2\/product"}],"about":[{"href":"https:\/\/www.gorsko.si\/Gorsko\/hr\/wp-json\/wp\/v2\/types\/product"}],"wp:featuredmedia":[{"embeddable":true,"href":"https:\/\/www.gorsko.si\/Gorsko\/hr\/wp-json\/wp\/v2\/media\/14915"}],"wp:attachment":[{"href":"https:\/\/www.gorsko.si\/Gorsko\/hr\/wp-json\/wp\/v2\/media?parent=14921"}],"curies":[{"name":"wp","href":"https:\/\/api.w.org\/{rel}","templated":true}]}}