{"id":1977,"date":"2014-12-12T03:12:20","date_gmt":"2014-12-12T03:12:20","guid":{"rendered":"http:\/\/localhost\/vanesa\/?page_id=1977"},"modified":"2020-09-10T20:24:55","modified_gmt":"2020-09-10T20:24:55","slug":"onas","status":"publish","type":"page","link":"https:\/\/www.gorsko.si\/Gorsko\/hr\/onas\/","title":{"rendered":"O nama"},"content":{"rendered":"<div class=\"vc_row wpb_row vc_row-fluid vc_custom_1537238972642\"><div class=\"row-container\"><div class=\"wpb_column vc_column_container vc_col-sm-12\"><div class=\"vc_column-inner\"><div class=\"wpb_wrapper\"><\/div><\/div><\/div><\/div><\/div><div class=\"vc_row wpb_row vc_row-fluid vc_custom_1537238982457\"><div class=\"row-container\"><div class=\"wpb_column vc_column_container vc_col-sm-12\"><div class=\"vc_column-inner\"><div class=\"wpb_wrapper\"><h2 style=\"text-align: center\" class=\"vc_custom_heading\" >O tvrtki GT Gorsko<\/h2><\/div><\/div><\/div><\/div><\/div><div class=\"vc_row wpb_row vc_row-fluid content-about2 vc_custom_1537164632741\"><div class=\"row-container\"><div class=\"box-left wpb_column vc_column_container vc_col-sm-4\"><div class=\"vc_column-inner\"><div class=\"wpb_wrapper\">\n\t<div class=\"wpb_text_column wpb_content_element\" >\n\t\t<div class=\"wpb_wrapper\">\n\t\t\t<p><strong>Izra\u0111ujemo kvalitetne drvene proizvode<\/strong><\/p>\n<p>U tvrtki GT GORSKO d.o.o. izra\u0111ujemo drvene konstrukcije za monta\u017ene ku\u0107e, krovove, poslovne, industrijske i poljoprivredne objekte, nadstre\u0161nice itd.<\/p>\n\n\t\t<\/div>\n\t<\/div>\n<\/div><\/div><\/div><div class=\"wpb_column vc_column_container vc_col-sm-4\"><div class=\"vc_column-inner\"><div class=\"wpb_wrapper\">\n\t<div class=\"wpb_text_column wpb_content_element\" >\n\t\t<div class=\"wpb_wrapper\">\n\t\t\t<p>Konstrukcije \u0161aljemo \"na paleti\" ili djelomi\u010dno sastavljene (npr. zidovi za monta\u017ene ku\u0107e).<br \/>\nRaspola\u017eemo modernom CNC tehnologijom za rezanje konstrukcija i ravnih materijala.<\/p>\n\n\t\t<\/div>\n\t<\/div>\n<\/div><\/div><\/div><div class=\"wpb_column vc_column_container vc_col-sm-4\"><div class=\"vc_column-inner\"><div class=\"wpb_wrapper\">\n\t<div class=\"wpb_text_column wpb_content_element\" >\n\t\t<div class=\"wpb_wrapper\">\n\t\t\t<p>Proizvodimo i prodajemo drvenu vunu za dekoraciju i pakiranja, kao i potro\u0161ni materijal potreban pri  izradi drvenih konstrukcija (npr. vij\u010dani materijal, spojne elemente, daske, letvice i sl.).<\/p>\n\n\t\t<\/div>\n\t<\/div>\n<\/div><\/div><\/div><\/div><\/div><div class=\"vc_row wpb_row vc_row-fluid content-about3 vc_custom_1537239115119\"><div class=\"row-container\"><div class=\"box-left wpb_column vc_column_container vc_col-sm-4\"><div class=\"vc_column-inner\"><div class=\"wpb_wrapper\">\n\t<div  class=\"wpb_single_image wpb_content_element vc_align_center  vc_custom_1539918945930\">\n\t\t\n\t\t<figure class=\"wpb_wrapper vc_figure\">\n\t\t\t<div class=\"vc_single_image-wrapper   vc_box_border_grey\"><\/div>\n\t\t<\/figure>\n\t<\/div>\n<\/div><\/div><\/div><div class=\"wpb_column vc_column_container vc_col-sm-4\"><div class=\"vc_column-inner\"><div class=\"wpb_wrapper\">\n\t<div  class=\"wpb_single_image wpb_content_element vc_align_center  vc_custom_1539918961814\">\n\t\t\n\t\t<figure class=\"wpb_wrapper vc_figure\">\n\t\t\t<div class=\"vc_single_image-wrapper   vc_box_border_grey\"><\/div>\n\t\t<\/figure>\n\t<\/div>\n<\/div><\/div><\/div><div class=\"wpb_column vc_column_container vc_col-sm-4\"><div class=\"vc_column-inner\"><div class=\"wpb_wrapper\">\n\t<div  class=\"wpb_single_image wpb_content_element vc_align_center  vc_custom_1539918976690\">\n\t\t\n\t\t<figure class=\"wpb_wrapper vc_figure\">\n\t\t\t<div class=\"vc_single_image-wrapper   vc_box_border_grey\"><\/div>\n\t\t<\/figure>\n\t<\/div>\n<\/div><\/div><\/div><\/div><\/div>","protected":false},"excerpt":{"rendered":"O podjetju GT Gorsko Ustvarjamo kvalitetne lesene izdelke V podjetju GT GORSKO d.o.o. izdelujemo razli\u010dne lesene konstrukcije za monta\u017ene hi\u0161e, ostre\u0161ja, poslovne,","protected":false},"author":1,"featured_media":0,"parent":0,"menu_order":0,"comment_status":"closed","ping_status":"closed","template":"page-templates\/about.php","meta":[],"yoast_head":"<!-- This site is optimized with the Yoast SEO plugin v16.2 - https:\/\/yoast.com\/wordpress\/plugins\/seo\/ -->\n<title>O nas - Gorsko<\/title>\n<meta name=\"robots\" content=\"index, follow, max-snippet:-1, max-image-preview:large, max-video-preview:-1\" \/>\n<link rel=\"canonical\" href=\"https:\/\/www.gorsko.si\/Gorsko\/hr\/onas\/\" \/>\n<meta property=\"og:locale\" content=\"hr_HR\" \/>\n<meta property=\"og:type\" content=\"article\" \/>\n<meta property=\"og:title\" content=\"O nas - Gorsko\" \/>\n<meta property=\"og:url\" content=\"https:\/\/www.gorsko.si\/Gorsko\/hr\/onas\/\" \/>\n<meta property=\"og:site_name\" content=\"Gorsko\" \/>\n<meta property=\"article:modified_time\" content=\"2020-09-10T20:24:55+00:00\" \/>\n<meta name=\"twitter:card\" content=\"summary_large_image\" \/>\n<meta name=\"twitter:label1\" content=\"Procijenjeno vrijeme \u010ditanja\">\n\t<meta name=\"twitter:data1\" content=\"1 minuta\">\n<script type=\"application\/ld+json\" class=\"yoast-schema-graph\">{\"@context\":\"https:\/\/schema.org\",\"@graph\":[{\"@type\":\"WebSite\",\"@id\":\"https:\/\/www.gorsko.si\/Gorsko\/#website\",\"url\":\"https:\/\/www.gorsko.si\/Gorsko\/\",\"name\":\"Gorsko\",\"description\":\"Gorsko\",\"potentialAction\":[{\"@type\":\"SearchAction\",\"target\":\"https:\/\/www.gorsko.si\/Gorsko\/?s={search_term_string}\",\"query-input\":\"required name=search_term_string\"}],\"inLanguage\":\"hr\"},{\"@type\":\"WebPage\",\"@id\":\"https:\/\/www.gorsko.si\/Gorsko\/onas\/#webpage\",\"url\":\"https:\/\/www.gorsko.si\/Gorsko\/onas\/\",\"name\":\"O nas - Gorsko\",\"isPartOf\":{\"@id\":\"https:\/\/www.gorsko.si\/Gorsko\/#website\"},\"datePublished\":\"2014-12-12T03:12:20+00:00\",\"dateModified\":\"2020-09-10T20:24:55+00:00\",\"breadcrumb\":{\"@id\":\"https:\/\/www.gorsko.si\/Gorsko\/onas\/#breadcrumb\"},\"inLanguage\":\"hr\",\"potentialAction\":[{\"@type\":\"ReadAction\",\"target\":[\"https:\/\/www.gorsko.si\/Gorsko\/onas\/\"]}]},{\"@type\":\"BreadcrumbList\",\"@id\":\"https:\/\/www.gorsko.si\/Gorsko\/onas\/#breadcrumb\",\"itemListElement\":[{\"@type\":\"ListItem\",\"position\":1,\"item\":{\"@type\":\"WebPage\",\"@id\":\"https:\/\/www.gorsko.si\/Gorsko\/\",\"url\":\"https:\/\/www.gorsko.si\/Gorsko\/\",\"name\":\"Home\"}},{\"@type\":\"ListItem\",\"position\":2,\"item\":{\"@id\":\"https:\/\/www.gorsko.si\/Gorsko\/onas\/#webpage\"}}]}]}<\/script>\n<!-- \/ Yoast SEO plugin. -->","_links":{"self":[{"href":"https:\/\/www.gorsko.si\/Gorsko\/hr\/wp-json\/wp\/v2\/pages\/1977"}],"collection":[{"href":"https:\/\/www.gorsko.si\/Gorsko\/hr\/wp-json\/wp\/v2\/pages"}],"about":[{"href":"https:\/\/www.gorsko.si\/Gorsko\/hr\/wp-json\/wp\/v2\/types\/page"}],"author":[{"embeddable":true,"href":"https:\/\/www.gorsko.si\/Gorsko\/hr\/wp-json\/wp\/v2\/users\/1"}],"replies":[{"embeddable":true,"href":"https:\/\/www.gorsko.si\/Gorsko\/hr\/wp-json\/wp\/v2\/comments?post=1977"}],"version-history":[{"count":5,"href":"https:\/\/www.gorsko.si\/Gorsko\/hr\/wp-json\/wp\/v2\/pages\/1977\/revisions"}],"predecessor-version":[{"id":14996,"href":"https:\/\/www.gorsko.si\/Gorsko\/hr\/wp-json\/wp\/v2\/pages\/1977\/revisions\/14996"}],"wp:attachment":[{"href":"https:\/\/www.gorsko.si\/Gorsko\/hr\/wp-json\/wp\/v2\/media?parent=1977"}],"curies":[{"name":"wp","href":"https:\/\/api.w.org\/{rel}","templated":true}]}}