{"id":16068,"date":"2024-04-23T19:47:00","date_gmt":"2024-04-23T19:47:00","guid":{"rendered":"https:\/\/www.gorsko.si\/Gorsko\/?page_id=16068"},"modified":"2024-04-23T21:09:49","modified_gmt":"2024-04-23T21:09:49","slug":"razvoj-montaznih-modularnih-konopljinih-his","status":"publish","type":"page","link":"https:\/\/www.gorsko.si\/Gorsko\/hr\/razvoj-montaznih-modularnih-konopljinih-his\/","title":{"rendered":"Razvoj monta\u017enih modularnih ku\u0107a od konoplje"},"content":{"rendered":"<p>Tvrtke Cogreen doo i GT Gorsko nastavljaju s razvojem novih proizvoda i pobolj\u0161anja, gdje na kraju poslovne godine kre\u0107emo s pozitivnom odlukom SPIRIT Slovenija, javne agencije. Dvije tvrtke bile su uspje\u0161ne u dodjeli europskih sredstava za razvoj proizvoda: \u201eEkolo\u0161ki panel od konopljinog betona za odr\u017eivu monta\u017enu gradnju\u201c. Projekt uklju\u010duje kako razvoj drvenih prefabriciranih konstrukcijskih elemenata i modula, tako i mje\u0161avine konopljinog BIO kompozita - KONOPLJIN BETON isklju\u010divo za ovu namjenu. Cilj razvoja novog proizvoda je pribli\u017eiti energetski u\u010dinkovitu, zdravstvenu i ekolo\u0161ki prihvatljivu gradnju ve\u0107oj ciljnoj skupini ljudi kroz optimizaciju vremena potrebnog za gradnju u odnosu na konvencionalne metode gradnje BIO kompozitnim konopljinim betonom. . Tako\u0111er, s razvojem novih tehnologija gradnje, slijedimo cilj optimizacije energije, resursa i tro\u0161kova u usporedbi s tradicionalnim metodama. <\/p>\n\n\n\n<p>Na\u0161 prvi cilj u \u0161estomjese\u010dnom razdoblju bit \u0107e izrada konstruktivnih rje\u0161enja s detaljima uskla\u0111enim sa standardima panelnih sustava za drvene konstrukcije, te uskla\u0111enje rje\u0161enja s tehnologijom gradnje konopbetonom. Tako\u0111er \u0107e biti potrebno voditi ra\u010duna o prilagodbi arhitektonskim smjernicama iu skladu s tim postaviti dimenzije, stati\u010dki provjeriti projektiranje i slijediti \u0161to ve\u0107u standardizaciju tehnolo\u0161kog rje\u0161enja za sve konstruktivne elemente. <\/p>\n\n\n\n<p>Projekt traje 24 mjeseca, tj. od studenog 2023. do studenog 2025. Ukupna vrijednost razvojnih aktivnosti projekta procijenjena je na 500.000 EUR, a sufinanciranje iznosi 300.000 EUR. Investicija je dio mjera slovenskog Plana oporavka i otpornosti. &quot;Financira Europska unija - NextGenerationEU&quot;.<\/p>\n\n\n\n<hr class=\"wp-block-separator\"\/>\n\n\n\n<p><\/p>\n\n\n\n<div class=\"wp-block-image\"><figure class=\"aligncenter size-large\"><img loading=\"lazy\" width=\"500\" height=\"45\" src=\"https:\/\/www.gorsko.si\/Gorsko\/wp-content\/uploads\/2024\/04\/eu-razpis-1.png\" alt=\"\" class=\"wp-image-16072\" srcset=\"https:\/\/www.gorsko.si\/Gorsko\/wp-content\/uploads\/2024\/04\/eu-razpis-1.png 500w, https:\/\/www.gorsko.si\/Gorsko\/wp-content\/uploads\/2024\/04\/eu-razpis-1-300x27.png 300w, https:\/\/www.gorsko.si\/Gorsko\/wp-content\/uploads\/2024\/04\/eu-razpis-1-18x2.png 18w, https:\/\/www.gorsko.si\/Gorsko\/wp-content\/uploads\/2024\/04\/eu-razpis-1-370x33.png 370w\" sizes=\"(max-width: 500px) 100vw, 500px\" \/><\/figure><\/div>\n\n\n\n<hr class=\"wp-block-separator\"\/>\n\n\n\n<p><em>Javni natje\u010daj provodi se sukladno NOO-u koji je temelj za kori\u0161tenje raspolo\u017eivih sredstava Fonda za oporavak i oporavak. Javni natje\u010daj objavljuje se u NOO-u u 3. razvojnom podru\u010dju: \u201ePametan odr\u017eivi i uklju\u010divi rast\u201c, u komponenti 1: \u201eRRI \u2013 istra\u017eivanje, razvoj i inovacije\u201c, u okviru investicije B: \u201eSufinanciranje istra\u017eivanja i inovacijski projekti potpore zelenoj tranziciji i digitalizaciji\u201c.<br>Svrha javnog natje\u010daja je promicanje istra\u017eiva\u010dko-razvojnih aktivnosti u konzorcijima tvrtki u okviru istra\u017eiva\u010dko-razvojnih projekata u podru\u010dju zelene tranzicije za razvoj novih ili pobolj\u0161anih proizvoda, procesa ili usluga.<br>Cilj javnog natje\u010daja je doprinijeti zelenoj tranziciji, pove\u0107anju ulaganja u istra\u017eivanje i razvoj, pove\u0107anju produktivnosti (uklju\u010duju\u0107i materijalnu i energetsku) i konkurentnosti gospodarstva.<br>Predmet javnog natje\u010daja je, sukladno NOO-u, sufinanciranje provedbe RRI projekata konzorcija tvrtki usmjerenih zelenoj tranziciji i kru\u017enom gospodarstvu. RRI projekti \u0107e biti tehnolo\u0161ki neutralni u smislu utjecaja na okoli\u0161, na razini kori\u0161tenja. Projektni cilj svakog RRI projekta mora biti novi ili pobolj\u0161ani proizvod, proces ili usluga, razvijen do to\u010dke u kojoj je validiran u svom kona\u010dnom obliku i prikladan za kori\u0161tenje u stvarnom okru\u017eenju. Potonje zna\u010di kori\u0161tenje proizvoda, procesa ili usluge u njihovom kona\u010dnom obliku i pod predvi\u0111enim uvjetima operativne uporabe.<\/em><\/p>","protected":false},"excerpt":{"rendered":"<p>Tvrtke Cogreen doo i GT Gorsko nastavljaju razvoj novih proizvoda i pobolj\u0161anja, gdje na kraju poslovne godine kre\u0107emo s pozitivnim zaklju\u010dkom<\/p>","protected":false},"author":1,"featured_media":0,"parent":0,"menu_order":0,"comment_status":"closed","ping_status":"closed","template":"","meta":[],"yoast_head":"<!-- This site is optimized with the Yoast SEO plugin v16.2 - https:\/\/yoast.com\/wordpress\/plugins\/seo\/ -->\n<title>Razvoj monta\u017enih modularnih konopljinih hi\u0161 - Gorsko<\/title>\n<meta name=\"robots\" content=\"index, follow, max-snippet:-1, max-image-preview:large, max-video-preview:-1\" \/>\n<link rel=\"canonical\" href=\"https:\/\/www.gorsko.si\/Gorsko\/hr\/razvoj-montaznih-modularnih-konopljinih-his\/\" \/>\n<meta property=\"og:locale\" content=\"hr_HR\" \/>\n<meta property=\"og:type\" content=\"article\" \/>\n<meta property=\"og:title\" content=\"Razvoj monta\u017enih modularnih konopljinih hi\u0161 - Gorsko\" \/>\n<meta property=\"og:description\" content=\"Podjetji Cogreen d.o.o. in GT Gorsko nadaljujeta pot razvoja novih proizvodov in izbolj\u0161av, kjer v izteku poslovnega leta za\u010denjamo z pozitivnim sklepom\" \/>\n<meta property=\"og:url\" content=\"https:\/\/www.gorsko.si\/Gorsko\/hr\/razvoj-montaznih-modularnih-konopljinih-his\/\" \/>\n<meta property=\"og:site_name\" content=\"Gorsko\" \/>\n<meta property=\"article:modified_time\" content=\"2024-04-23T21:09:49+00:00\" \/>\n<meta property=\"og:image\" content=\"https:\/\/www.gorsko.si\/Gorsko\/wp-content\/uploads\/2024\/04\/eu-razpis-1.png\" \/>\n<meta name=\"twitter:card\" content=\"summary_large_image\" \/>\n<meta name=\"twitter:label1\" content=\"Procijenjeno vrijeme \u010ditanja\">\n\t<meta name=\"twitter:data1\" content=\"3 minute\">\n<script type=\"application\/ld+json\" class=\"yoast-schema-graph\">{\"@context\":\"https:\/\/schema.org\",\"@graph\":[{\"@type\":\"WebSite\",\"@id\":\"https:\/\/www.gorsko.si\/Gorsko\/#website\",\"url\":\"https:\/\/www.gorsko.si\/Gorsko\/\",\"name\":\"Gorsko\",\"description\":\"Gorsko\",\"potentialAction\":[{\"@type\":\"SearchAction\",\"target\":\"https:\/\/www.gorsko.si\/Gorsko\/?s={search_term_string}\",\"query-input\":\"required name=search_term_string\"}],\"inLanguage\":\"hr\"},{\"@type\":\"ImageObject\",\"@id\":\"https:\/\/www.gorsko.si\/Gorsko\/razvoj-montaznih-modularnih-konopljinih-his\/#primaryimage\",\"inLanguage\":\"hr\",\"url\":\"https:\/\/www.gorsko.si\/Gorsko\/wp-content\/uploads\/2024\/04\/eu-razpis-1.png\",\"contentUrl\":\"https:\/\/www.gorsko.si\/Gorsko\/wp-content\/uploads\/2024\/04\/eu-razpis-1.png\",\"width\":500,\"height\":45},{\"@type\":\"WebPage\",\"@id\":\"https:\/\/www.gorsko.si\/Gorsko\/razvoj-montaznih-modularnih-konopljinih-his\/#webpage\",\"url\":\"https:\/\/www.gorsko.si\/Gorsko\/razvoj-montaznih-modularnih-konopljinih-his\/\",\"name\":\"Razvoj monta\\u017enih modularnih konopljinih hi\\u0161 - Gorsko\",\"isPartOf\":{\"@id\":\"https:\/\/www.gorsko.si\/Gorsko\/#website\"},\"primaryImageOfPage\":{\"@id\":\"https:\/\/www.gorsko.si\/Gorsko\/razvoj-montaznih-modularnih-konopljinih-his\/#primaryimage\"},\"datePublished\":\"2024-04-23T19:47:00+00:00\",\"dateModified\":\"2024-04-23T21:09:49+00:00\",\"breadcrumb\":{\"@id\":\"https:\/\/www.gorsko.si\/Gorsko\/razvoj-montaznih-modularnih-konopljinih-his\/#breadcrumb\"},\"inLanguage\":\"hr\",\"potentialAction\":[{\"@type\":\"ReadAction\",\"target\":[\"https:\/\/www.gorsko.si\/Gorsko\/razvoj-montaznih-modularnih-konopljinih-his\/\"]}]},{\"@type\":\"BreadcrumbList\",\"@id\":\"https:\/\/www.gorsko.si\/Gorsko\/razvoj-montaznih-modularnih-konopljinih-his\/#breadcrumb\",\"itemListElement\":[{\"@type\":\"ListItem\",\"position\":1,\"item\":{\"@type\":\"WebPage\",\"@id\":\"https:\/\/www.gorsko.si\/Gorsko\/\",\"url\":\"https:\/\/www.gorsko.si\/Gorsko\/\",\"name\":\"Home\"}},{\"@type\":\"ListItem\",\"position\":2,\"item\":{\"@id\":\"https:\/\/www.gorsko.si\/Gorsko\/razvoj-montaznih-modularnih-konopljinih-his\/#webpage\"}}]}]}<\/script>\n<!-- \/ Yoast SEO plugin. -->","_links":{"self":[{"href":"https:\/\/www.gorsko.si\/Gorsko\/hr\/wp-json\/wp\/v2\/pages\/16068"}],"collection":[{"href":"https:\/\/www.gorsko.si\/Gorsko\/hr\/wp-json\/wp\/v2\/pages"}],"about":[{"href":"https:\/\/www.gorsko.si\/Gorsko\/hr\/wp-json\/wp\/v2\/types\/page"}],"author":[{"embeddable":true,"href":"https:\/\/www.gorsko.si\/Gorsko\/hr\/wp-json\/wp\/v2\/users\/1"}],"replies":[{"embeddable":true,"href":"https:\/\/www.gorsko.si\/Gorsko\/hr\/wp-json\/wp\/v2\/comments?post=16068"}],"version-history":[{"count":9,"href":"https:\/\/www.gorsko.si\/Gorsko\/hr\/wp-json\/wp\/v2\/pages\/16068\/revisions"}],"predecessor-version":[{"id":16080,"href":"https:\/\/www.gorsko.si\/Gorsko\/hr\/wp-json\/wp\/v2\/pages\/16068\/revisions\/16080"}],"wp:attachment":[{"href":"https:\/\/www.gorsko.si\/Gorsko\/hr\/wp-json\/wp\/v2\/media?parent=16068"}],"curies":[{"name":"wp","href":"https:\/\/api.w.org\/{rel}","templated":true}]}}